{"id":2437,"date":"2026-01-21T10:35:20","date_gmt":"2026-01-21T09:35:20","guid":{"rendered":"https:\/\/160foals.com\/?page_id=2437"},"modified":"2026-02-18T11:51:18","modified_gmt":"2026-02-18T10:51:18","slug":"about-160-foals","status":"publish","type":"page","link":"https:\/\/160foals.com\/fr\/about-160-foals\/","title":{"rendered":"A propos de 160 Foals"},"content":{"rendered":"<div data-elementor-type=\"wp-page\" data-elementor-id=\"2437\" class=\"elementor elementor-2437\" data-elementor-post-type=\"page\">\n\t\t\t\t<div class=\"elementor-element elementor-element-7497747 e-con-full e-flex e-con e-parent\" data-id=\"7497747\" data-element_type=\"container\" data-e-type=\"container\" data-settings=\"{&quot;background_background&quot;:&quot;classic&quot;}\">\n\t\t<div class=\"elementor-element elementor-element-65e814c2 e-con-full e-flex e-con e-child\" data-id=\"65e814c2\" data-element_type=\"container\" data-e-type=\"container\">\n\t\t\t\t<div class=\"elementor-element elementor-element-1d238c09 elementor-widget-mobile__width-inherit elementor-widget__width-initial elementor-widget elementor-widget-heading\" data-id=\"1d238c09\" data-element_type=\"widget\" data-e-type=\"widget\" data-widget_type=\"heading.default\">\n\t\t\t\t\t<h1 class=\"elementor-heading-title elementor-size-default\">A propos de 160 Foals<\/h1>\t\t\t\t<\/div>\n\t\t\t\t<\/div>\n\t\t<div class=\"elementor-element elementor-element-31955491 scroll-indicator e-flex e-con-boxed e-con e-child\" data-id=\"31955491\" data-element_type=\"container\" data-e-type=\"container\" data-settings=\"{&quot;position&quot;:&quot;absolute&quot;}\">\n\t\t\t\t\t<div class=\"e-con-inner\">\n\t\t\t\t<div class=\"elementor-element elementor-element-30b4f95d elementor-widget__width-inherit elementor-widget elementor-widget-html\" data-id=\"30b4f95d\" data-element_type=\"widget\" data-e-type=\"widget\" data-widget_type=\"html.default\">\n\t\t\t\t\t            <div class=\"scroll-text\">Scroll<\/div>\n            <div class=\"scroll-line\"><\/div>\t\t\t\t<\/div>\n\t\t\t\t\t<\/div>\n\t\t\t\t<\/div>\n\t\t\t\t<\/div>\n\t\t<div class=\"elementor-element elementor-element-4382083b e-flex e-con-boxed e-con e-parent\" data-id=\"4382083b\" data-element_type=\"container\" data-e-type=\"container\" data-settings=\"{&quot;background_background&quot;:&quot;classic&quot;}\">\n\t\t\t\t\t<div class=\"e-con-inner\">\n\t\t<div class=\"elementor-element elementor-element-6fbf56d6 e-con-full e-flex e-con e-child\" data-id=\"6fbf56d6\" data-element_type=\"container\" data-e-type=\"container\">\n\t\t\t\t<div class=\"elementor-element elementor-element-7348ae8a elementor-view-default elementor-widget elementor-widget-icon\" data-id=\"7348ae8a\" data-element_type=\"widget\" data-e-type=\"widget\" data-widget_type=\"icon.default\">\n\t\t\t\t\t\t\t<div class=\"elementor-icon-wrapper\">\n\t\t\t<div class=\"elementor-icon\">\n\t\t\t<i aria-hidden=\"true\" class=\"icon icon-quote\"><\/i>\t\t\t<\/div>\n\t\t<\/div>\n\t\t\t\t\t\t<\/div>\n\t\t\t\t<div class=\"elementor-element elementor-element-1f354f56 elementor-widget__width-initial elementor-widget elementor-widget-text-editor\" data-id=\"1f354f56\" data-element_type=\"widget\" data-e-type=\"widget\" data-widget_type=\"text-editor.default\">\n\t\t\t\t\t\t\t\t\t<p>Fort de quarante ans d'exp\u00e9rience dans le domaine \u00e9questre et dot\u00e9 d'un esprit d'entrepreneur en s\u00e9rie, Ben Dulac a fond\u00e9 160 Foals afin de faire \u00e9voluer le sport de haut niveau en y apportant statistiques et m\u00e9thode.<\/p><p>En combinant des lign\u00e9es d'\u00e9lite et une rigueur commerciale, il est en train de cr\u00e9er une nouvelle norme d'excellence dans ce domaine.<\/p>\t\t\t\t\t\t\t\t<\/div>\n\t\t\t\t<div class=\"elementor-element elementor-element-32eac683 elementor-view-default elementor-widget elementor-widget-icon\" data-id=\"32eac683\" data-element_type=\"widget\" data-e-type=\"widget\" data-widget_type=\"icon.default\">\n\t\t\t\t\t\t\t<div class=\"elementor-icon-wrapper\">\n\t\t\t<div class=\"elementor-icon\">\n\t\t\t<i aria-hidden=\"true\" class=\"icon icon-quote\"><\/i>\t\t\t<\/div>\n\t\t<\/div>\n\t\t\t\t\t\t<\/div>\n\t\t\t\t<\/div>\n\t\t\t\t\t<\/div>\n\t\t\t\t<\/div>\n\t\t<div class=\"elementor-element elementor-element-79313bf e-flex e-con-boxed e-con e-parent\" data-id=\"79313bf\" data-element_type=\"container\" data-e-type=\"container\">\n\t\t\t\t\t<div class=\"e-con-inner\">\n\t\t<div class=\"elementor-element elementor-element-3e01919 e-con-full e-flex e-con e-child\" data-id=\"3e01919\" data-element_type=\"container\" data-e-type=\"container\">\n\t\t<div class=\"elementor-element elementor-element-c3bc2c4 e-flex e-con-boxed e-con e-child\" data-id=\"c3bc2c4\" data-element_type=\"container\" data-e-type=\"container\">\n\t\t\t\t\t<div class=\"e-con-inner\">\n\t\t<div class=\"elementor-element elementor-element-dad7cd1 e-con-full about-features-list e-flex e-con e-child\" data-id=\"dad7cd1\" data-element_type=\"container\" data-e-type=\"container\">\n\t\t<div class=\"elementor-element elementor-element-8a1c329 e-con-full about-photo e-flex e-con e-child\" data-id=\"8a1c329\" data-element_type=\"container\" data-e-type=\"container\">\n\t\t\t\t<div class=\"elementor-element elementor-element-1cc3ebe elementor-widget elementor-widget-image\" data-id=\"1cc3ebe\" data-element_type=\"widget\" data-e-type=\"widget\" data-widget_type=\"image.default\">\n\t\t\t\t\t\t\t\t\t\t\t\t\t\t\t<img fetchpriority=\"high\" decoding=\"async\" width=\"1440\" height=\"1920\" src=\"https:\/\/160foals.com\/wp-content\/uploads\/2026\/02\/Portrait-BD.jpg.webp\" class=\"attachment-full size-full wp-image-3741\" alt=\"Portrait Ben Dulac\" srcset=\"https:\/\/160foals.com\/wp-content\/uploads\/2026\/02\/Portrait-BD.jpg.webp 1440w, https:\/\/160foals.com\/wp-content\/uploads\/2026\/02\/Portrait-BD.jpg-225x300.webp 225w, https:\/\/160foals.com\/wp-content\/uploads\/2026\/02\/Portrait-BD.jpg-768x1024.webp 768w, https:\/\/160foals.com\/wp-content\/uploads\/2026\/02\/Portrait-BD.jpg-1152x1536.webp 1152w, https:\/\/160foals.com\/wp-content\/uploads\/2026\/02\/Portrait-BD.jpg-9x12.webp 9w\" sizes=\"(max-width: 1440px) 100vw, 1440px\" \/>\t\t\t\t\t\t\t\t\t\t\t\t\t\t\t<\/div>\n\t\t\t\t<\/div>\n\t\t\t\t<\/div>\n\t\t<div class=\"elementor-element elementor-element-9e35837 e-con-full about-text e-flex e-con e-child\" data-id=\"9e35837\" data-element_type=\"container\" data-e-type=\"container\">\n\t\t\t\t<div class=\"elementor-element elementor-element-1b884b5 elementor-widget elementor-widget-heading\" data-id=\"1b884b5\" data-element_type=\"widget\" data-e-type=\"widget\" data-widget_type=\"heading.default\">\n\t\t\t\t\t<h2 class=\"elementor-heading-title elementor-size-default\">Passion, M\u00e9thode, Excellence<\/h2>\t\t\t\t<\/div>\n\t\t<div class=\"elementor-element elementor-element-757249c e-con-full about-block e-flex e-con e-child\" data-id=\"757249c\" data-element_type=\"container\" data-e-type=\"container\">\n\t\t\t\t<div class=\"elementor-element elementor-element-8b3b686 about-paragraph elementor-widget elementor-widget-text-editor\" data-id=\"8b3b686\" data-element_type=\"widget\" data-e-type=\"widget\" data-widget_type=\"text-editor.default\">\n\t\t\t\t\t\t\t\t\t<p>Le fondateur de 160 Foals, Ben Dulac, est un entrepreneur en s\u00e9rie mais il est aussi cavalier depuis plus de quarante ans.\u00a0<\/p><p>Apr\u00e8s avoir disrupter le monde de l'\u00e9conomie d'\u00e9nergie dans l'habitat, il apporte la m\u00eame vision, la m\u00eame discipline et la m\u00eame rigueur strat\u00e9gique au sport \u00e9questre de haut niveau.\u00a0<\/p><p>Au-del\u00e0 des affaires, il est \u00e9galement \u00e9leveur de chiens depuis plus de trois d\u00e9cennies et a r\u00e9cemment mis cette expertise au service des chevaux de saut d'obstacles de haut niveau, en mettant l'accent sur les lign\u00e9es et les donn\u00e9es de performance.<\/p><p>160 Foals est la convergence naturelle de ces deux univers : une passion pour l'excellence dans le sport et la conviction que l'innovation et la m\u00e9thode peuvent red\u00e9finir la mani\u00e8re dont les futurs champions du Grand Prix sont \u00e9lev\u00e9s, form\u00e9s et vendus.<\/p>\t\t\t\t\t\t\t\t<\/div>\n\t\t\t\t<div class=\"elementor-element elementor-element-bd69819 elementor-widget elementor-widget-heading\" data-id=\"bd69819\" data-element_type=\"widget\" data-e-type=\"widget\" data-widget_type=\"heading.default\">\n\t\t\t\t\t<h3 class=\"elementor-heading-title elementor-size-default\">Ben Dulac<\/h3>\t\t\t\t<\/div>\n\t\t\t\t<\/div>\n\t\t\t\t<\/div>\n\t\t\t\t\t<\/div>\n\t\t\t\t<\/div>\n\t\t\t\t<\/div>\n\t\t\t\t\t<\/div>\n\t\t\t\t<\/div>\n\t\t\t\t<\/div>","protected":false},"excerpt":{"rendered":"<p>About 160 Foals Scroll Bridging forty years of horsemanship with a serial entrepreneur\u2019s mindset, Ben Dulac founded 160 Foals to move the needle in elite sport by infusing it with transparency and method. By blending elite bloodlines with business discipline, he is engineering a new standard for excellence in the arena. Passion, Method, Excellence 160 [&hellip;]<\/p>\n","protected":false},"author":1,"featured_media":3741,"parent":0,"menu_order":0,"comment_status":"closed","ping_status":"closed","template":"","meta":{"footnotes":""},"class_list":["post-2437","page","type-page","status-publish","has-post-thumbnail","hentry"],"yoast_head":"<!-- This site is optimized with the Yoast SEO plugin v27.4 - https:\/\/yoast.com\/product\/yoast-seo-wordpress\/ -->\n<title>About 160 Foals | Ben Dulac \u2013 Passion, Method &amp; Excellence<\/title>\n<meta name=\"description\" content=\"Founded by Ben Dulac, 160 Foals combines 40 years of horsemanship with entrepreneurial vision. Discover how data and passion redefine elite foal auctions.\" \/>\n<meta name=\"robots\" content=\"index, follow, max-snippet:-1, max-image-preview:large, max-video-preview:-1\" \/>\n<link rel=\"canonical\" href=\"https:\/\/160foals.com\/fr\/about-160-foals\/\" \/>\n<meta property=\"og:locale\" content=\"fr_FR\" \/>\n<meta property=\"og:type\" content=\"article\" \/>\n<meta property=\"og:title\" content=\"About 160 Foals | Ben Dulac \u2013 Passion, Method &amp; Excellence\" \/>\n<meta property=\"og:description\" content=\"Founded by Ben Dulac, 160 Foals combines 40 years of horsemanship with entrepreneurial vision. Discover how data and passion redefine elite foal auctions.\" \/>\n<meta property=\"og:url\" content=\"https:\/\/160foals.com\/fr\/about-160-foals\/\" \/>\n<meta property=\"og:site_name\" content=\"160foals\" \/>\n<meta property=\"article:modified_time\" content=\"2026-02-18T10:51:18+00:00\" \/>\n<meta property=\"og:image\" content=\"https:\/\/160foals.com\/wp-content\/uploads\/2026\/02\/Portrait-BD.jpg.webp\" \/>\n\t<meta property=\"og:image:width\" content=\"1440\" \/>\n\t<meta property=\"og:image:height\" content=\"1920\" \/>\n\t<meta property=\"og:image:type\" content=\"image\/webp\" \/>\n<meta name=\"twitter:card\" content=\"summary_large_image\" \/>\n<meta name=\"twitter:label1\" content=\"Dur\u00e9e de lecture estim\u00e9e\" \/>\n\t<meta name=\"twitter:data1\" content=\"2 minutes\" \/>\n<script type=\"application\/ld+json\" class=\"yoast-schema-graph\">{\"@context\":\"https:\\\/\\\/schema.org\",\"@graph\":[{\"@type\":\"WebPage\",\"@id\":\"https:\\\/\\\/160foals.com\\\/about-160-foals\\\/\",\"url\":\"https:\\\/\\\/160foals.com\\\/about-160-foals\\\/\",\"name\":\"About 160 Foals | Ben Dulac \u2013 Passion, Method & Excellence\",\"isPartOf\":{\"@id\":\"https:\\\/\\\/160foals.com\\\/#website\"},\"primaryImageOfPage\":{\"@id\":\"https:\\\/\\\/160foals.com\\\/about-160-foals\\\/#primaryimage\"},\"image\":{\"@id\":\"https:\\\/\\\/160foals.com\\\/about-160-foals\\\/#primaryimage\"},\"thumbnailUrl\":\"https:\\\/\\\/160foals.com\\\/wp-content\\\/uploads\\\/2026\\\/02\\\/Portrait-BD.jpg.webp\",\"datePublished\":\"2026-01-21T09:35:20+00:00\",\"dateModified\":\"2026-02-18T10:51:18+00:00\",\"description\":\"Founded by Ben Dulac, 160 Foals combines 40 years of horsemanship with entrepreneurial vision. Discover how data and passion redefine elite foal auctions.\",\"breadcrumb\":{\"@id\":\"https:\\\/\\\/160foals.com\\\/about-160-foals\\\/#breadcrumb\"},\"inLanguage\":\"fr-FR\",\"potentialAction\":[{\"@type\":\"ReadAction\",\"target\":[\"https:\\\/\\\/160foals.com\\\/about-160-foals\\\/\"]}]},{\"@type\":\"ImageObject\",\"inLanguage\":\"fr-FR\",\"@id\":\"https:\\\/\\\/160foals.com\\\/about-160-foals\\\/#primaryimage\",\"url\":\"https:\\\/\\\/160foals.com\\\/wp-content\\\/uploads\\\/2026\\\/02\\\/Portrait-BD.jpg.webp\",\"contentUrl\":\"https:\\\/\\\/160foals.com\\\/wp-content\\\/uploads\\\/2026\\\/02\\\/Portrait-BD.jpg.webp\",\"width\":1440,\"height\":1920,\"caption\":\"Portrait Ben Dulac\"},{\"@type\":\"BreadcrumbList\",\"@id\":\"https:\\\/\\\/160foals.com\\\/about-160-foals\\\/#breadcrumb\",\"itemListElement\":[{\"@type\":\"ListItem\",\"position\":1,\"name\":\"Home\",\"item\":\"https:\\\/\\\/160foals.com\\\/\"},{\"@type\":\"ListItem\",\"position\":2,\"name\":\"About 160 Foals\"}]},{\"@type\":\"WebSite\",\"@id\":\"https:\\\/\\\/160foals.com\\\/#website\",\"url\":\"https:\\\/\\\/160foals.com\\\/\",\"name\":\"160 Foals\",\"description\":\"From proven 1.60m mares to future legends\",\"publisher\":{\"@id\":\"https:\\\/\\\/160foals.com\\\/#organization\"},\"alternateName\":\"160 Foals\",\"potentialAction\":[{\"@type\":\"SearchAction\",\"target\":{\"@type\":\"EntryPoint\",\"urlTemplate\":\"https:\\\/\\\/160foals.com\\\/?s={search_term_string}\"},\"query-input\":{\"@type\":\"PropertyValueSpecification\",\"valueRequired\":true,\"valueName\":\"search_term_string\"}}],\"inLanguage\":\"fr-FR\"},{\"@type\":\"Organization\",\"@id\":\"https:\\\/\\\/160foals.com\\\/#organization\",\"name\":\"160 Foals\",\"alternateName\":\"160 Foals\",\"url\":\"https:\\\/\\\/160foals.com\\\/\",\"logo\":{\"@type\":\"ImageObject\",\"inLanguage\":\"fr-FR\",\"@id\":\"https:\\\/\\\/160foals.com\\\/#\\\/schema\\\/logo\\\/image\\\/\",\"url\":\"https:\\\/\\\/160foals.com\\\/wp-content\\\/uploads\\\/2026\\\/01\\\/cropped-160-Foals-Logo-noir-carre-ss-baseline.webp\",\"contentUrl\":\"https:\\\/\\\/160foals.com\\\/wp-content\\\/uploads\\\/2026\\\/01\\\/cropped-160-Foals-Logo-noir-carre-ss-baseline.webp\",\"width\":512,\"height\":512,\"caption\":\"160 Foals\"},\"image\":{\"@id\":\"https:\\\/\\\/160foals.com\\\/#\\\/schema\\\/logo\\\/image\\\/\"},\"sameAs\":[\"https:\\\/\\\/www.instagram.com\\\/160foals\\\/?__d=12F\"]}]}<\/script>\n<!-- \/ Yoast SEO plugin. -->","yoast_head_json":{"title":"A propos de 160 Foals | Ben Dulac \u2013 Passion, m\u00e9thode et excellence","description":"Fond\u00e9e par Benoit Dulac, 160 Foals combine 40 ans d'exp\u00e9rience dans le domaine \u00e9questre et une vision entrepreneuriale. D\u00e9couvrez comment les donn\u00e9es et la passion red\u00e9finissent les ventes aux ench\u00e8res de poulains d'\u00e9lite.","robots":{"index":"index","follow":"follow","max-snippet":"max-snippet:-1","max-image-preview":"max-image-preview:large","max-video-preview":"max-video-preview:-1"},"canonical":"https:\/\/160foals.com\/fr\/about-160-foals\/","og_locale":"fr_FR","og_type":"article","og_title":"About 160 Foals | Ben Dulac \u2013 Passion, Method & Excellence","og_description":"Founded by Ben Dulac, 160 Foals combines 40 years of horsemanship with entrepreneurial vision. Discover how data and passion redefine elite foal auctions.","og_url":"https:\/\/160foals.com\/fr\/about-160-foals\/","og_site_name":"160foals","article_modified_time":"2026-02-18T10:51:18+00:00","og_image":[{"width":1440,"height":1920,"url":"https:\/\/160foals.com\/wp-content\/uploads\/2026\/02\/Portrait-BD.jpg.webp","type":"image\/webp"}],"twitter_card":"summary_large_image","twitter_misc":{"Dur\u00e9e de lecture estim\u00e9e":"2 minutes"},"schema":{"@context":"https:\/\/schema.org","@graph":[{"@type":"WebPage","@id":"https:\/\/160foals.com\/about-160-foals\/","url":"https:\/\/160foals.com\/about-160-foals\/","name":"A propos de 160 Foals | Ben Dulac \u2013 Passion, m\u00e9thode et excellence","isPartOf":{"@id":"https:\/\/160foals.com\/#website"},"primaryImageOfPage":{"@id":"https:\/\/160foals.com\/about-160-foals\/#primaryimage"},"image":{"@id":"https:\/\/160foals.com\/about-160-foals\/#primaryimage"},"thumbnailUrl":"https:\/\/160foals.com\/wp-content\/uploads\/2026\/02\/Portrait-BD.jpg.webp","datePublished":"2026-01-21T09:35:20+00:00","dateModified":"2026-02-18T10:51:18+00:00","description":"Fond\u00e9e par Benoit Dulac, 160 Foals combine 40 ans d'exp\u00e9rience dans le domaine \u00e9questre et une vision entrepreneuriale. D\u00e9couvrez comment les donn\u00e9es et la passion red\u00e9finissent les ventes aux ench\u00e8res de poulains d'\u00e9lite.","breadcrumb":{"@id":"https:\/\/160foals.com\/about-160-foals\/#breadcrumb"},"inLanguage":"fr-FR","potentialAction":[{"@type":"ReadAction","target":["https:\/\/160foals.com\/about-160-foals\/"]}]},{"@type":"ImageObject","inLanguage":"fr-FR","@id":"https:\/\/160foals.com\/about-160-foals\/#primaryimage","url":"https:\/\/160foals.com\/wp-content\/uploads\/2026\/02\/Portrait-BD.jpg.webp","contentUrl":"https:\/\/160foals.com\/wp-content\/uploads\/2026\/02\/Portrait-BD.jpg.webp","width":1440,"height":1920,"caption":"Portrait Ben Dulac"},{"@type":"BreadcrumbList","@id":"https:\/\/160foals.com\/about-160-foals\/#breadcrumb","itemListElement":[{"@type":"ListItem","position":1,"name":"Home","item":"https:\/\/160foals.com\/"},{"@type":"ListItem","position":2,"name":"About 160 Foals"}]},{"@type":"WebSite","@id":"https:\/\/160foals.com\/#website","url":"https:\/\/160foals.com\/","name":"160 Foals","description":"From proven 1.60m mares to future legends","publisher":{"@id":"https:\/\/160foals.com\/#organization"},"alternateName":"160 Foals","potentialAction":[{"@type":"SearchAction","target":{"@type":"EntryPoint","urlTemplate":"https:\/\/160foals.com\/?s={search_term_string}"},"query-input":{"@type":"PropertyValueSpecification","valueRequired":true,"valueName":"search_term_string"}}],"inLanguage":"fr-FR"},{"@type":"Organization","@id":"https:\/\/160foals.com\/#organization","name":"160 Foals","alternateName":"160 Foals","url":"https:\/\/160foals.com\/","logo":{"@type":"ImageObject","inLanguage":"fr-FR","@id":"https:\/\/160foals.com\/#\/schema\/logo\/image\/","url":"https:\/\/160foals.com\/wp-content\/uploads\/2026\/01\/cropped-160-Foals-Logo-noir-carre-ss-baseline.webp","contentUrl":"https:\/\/160foals.com\/wp-content\/uploads\/2026\/01\/cropped-160-Foals-Logo-noir-carre-ss-baseline.webp","width":512,"height":512,"caption":"160 Foals"},"image":{"@id":"https:\/\/160foals.com\/#\/schema\/logo\/image\/"},"sameAs":["https:\/\/www.instagram.com\/160foals\/?__d=12F"]}]}},"_links":{"self":[{"href":"https:\/\/160foals.com\/fr\/wp-json\/wp\/v2\/pages\/2437","targetHints":{"allow":["GET"]}}],"collection":[{"href":"https:\/\/160foals.com\/fr\/wp-json\/wp\/v2\/pages"}],"about":[{"href":"https:\/\/160foals.com\/fr\/wp-json\/wp\/v2\/types\/page"}],"author":[{"embeddable":true,"href":"https:\/\/160foals.com\/fr\/wp-json\/wp\/v2\/users\/1"}],"replies":[{"embeddable":true,"href":"https:\/\/160foals.com\/fr\/wp-json\/wp\/v2\/comments?post=2437"}],"version-history":[{"count":174,"href":"https:\/\/160foals.com\/fr\/wp-json\/wp\/v2\/pages\/2437\/revisions"}],"predecessor-version":[{"id":4958,"href":"https:\/\/160foals.com\/fr\/wp-json\/wp\/v2\/pages\/2437\/revisions\/4958"}],"wp:featuredmedia":[{"embeddable":true,"href":"https:\/\/160foals.com\/fr\/wp-json\/wp\/v2\/media\/3741"}],"wp:attachment":[{"href":"https:\/\/160foals.com\/fr\/wp-json\/wp\/v2\/media?parent=2437"}],"curies":[{"name":"wp","href":"https:\/\/api.w.org\/{rel}","templated":true}]}}