{"id":2639,"date":"2026-01-21T17:40:07","date_gmt":"2026-01-21T16:40:07","guid":{"rendered":"https:\/\/160foals.com\/?page_id=2639"},"modified":"2026-04-16T22:41:25","modified_gmt":"2026-04-16T20:41:25","slug":"contact","status":"publish","type":"page","link":"https:\/\/160foals.com\/fr\/contact\/","title":{"rendered":"Contact"},"content":{"rendered":"\t\t<div data-elementor-type=\"wp-page\" data-elementor-id=\"2639\" class=\"elementor elementor-2639\" data-elementor-post-type=\"page\">\n\t\t\t\t<div class=\"elementor-element elementor-element-3887507 e-con-full e-flex e-con e-parent\" data-id=\"3887507\" data-element_type=\"container\" data-e-type=\"container\" data-settings=\"{&quot;background_background&quot;:&quot;classic&quot;}\">\n\t\t<div class=\"elementor-element elementor-element-2f1b2a3 e-con-full e-flex e-con e-child\" data-id=\"2f1b2a3\" data-element_type=\"container\" data-e-type=\"container\">\n\t\t\t\t<div class=\"elementor-element elementor-element-6fc3812 elementor-widget-mobile__width-inherit elementor-widget__width-initial elementor-widget elementor-widget-heading\" data-id=\"6fc3812\" data-element_type=\"widget\" data-e-type=\"widget\" data-widget_type=\"heading.default\">\n\t\t\t\t\t<h1 class=\"elementor-heading-title elementor-size-default\">Contact us<\/h1>\t\t\t\t<\/div>\n\t\t\t\t<\/div>\n\t\t<div class=\"elementor-element elementor-element-e1abf72 scroll-indicator e-flex e-con-boxed e-con e-child\" data-id=\"e1abf72\" data-element_type=\"container\" data-e-type=\"container\" data-settings=\"{&quot;position&quot;:&quot;absolute&quot;}\">\n\t\t\t\t\t<div class=\"e-con-inner\">\n\t\t\t\t<div class=\"elementor-element elementor-element-e2ecc03 elementor-widget__width-inherit elementor-widget elementor-widget-html\" data-id=\"e2ecc03\" data-element_type=\"widget\" data-e-type=\"widget\" data-widget_type=\"html.default\">\n\t\t\t\t\t            <div class=\"scroll-text\">Scroll<\/div>\n            <div class=\"scroll-line\"><\/div>\t\t\t\t<\/div>\n\t\t\t\t\t<\/div>\n\t\t\t\t<\/div>\n\t\t\t\t<\/div>\n\t\t<div class=\"elementor-element elementor-element-79313bf e-flex e-con-boxed e-con e-parent\" data-id=\"79313bf\" data-element_type=\"container\" data-e-type=\"container\">\n\t\t\t\t\t<div class=\"e-con-inner\">\n\t\t<div class=\"elementor-element elementor-element-3e01919 e-con-full e-flex e-con e-child\" data-id=\"3e01919\" data-element_type=\"container\" data-e-type=\"container\">\n\t\t<div class=\"elementor-element elementor-element-c3bc2c4 e-con-full e-flex e-con e-child\" data-id=\"c3bc2c4\" data-element_type=\"container\" data-e-type=\"container\">\n\t\t<div class=\"elementor-element elementor-element-9e35837 e-con-full about-text e-flex e-con e-child\" data-id=\"9e35837\" data-element_type=\"container\" data-e-type=\"container\">\n\t\t<div class=\"elementor-element elementor-element-757249c e-con-full about-block e-flex e-con e-child\" data-id=\"757249c\" data-element_type=\"container\" data-e-type=\"container\">\n\t\t\t\t<div class=\"elementor-element elementor-element-1b884b5 elementor-widget elementor-widget-heading\" data-id=\"1b884b5\" data-element_type=\"widget\" data-e-type=\"widget\" data-widget_type=\"heading.default\">\n\t\t\t\t\t<h2 class=\"elementor-heading-title elementor-size-default\">Do you have any question or want information? <\/br>Feel free to contact us!<\/h2>\t\t\t\t<\/div>\n\t\t\t\t<div class=\"elementor-element elementor-element-508a64d elementor-button-align-center elementor-widget elementor-widget-form\" data-id=\"508a64d\" data-element_type=\"widget\" data-e-type=\"widget\" data-settings=\"{&quot;step_next_label&quot;:&quot;Next&quot;,&quot;step_previous_label&quot;:&quot;Previous&quot;,&quot;button_width&quot;:&quot;100&quot;,&quot;step_type&quot;:&quot;number_text&quot;,&quot;step_icon_shape&quot;:&quot;circle&quot;}\" data-widget_type=\"form.default\">\n\t\t\t\t\t\t\t<form class=\"elementor-form\" method=\"post\" name=\"Contact form\" aria-label=\"Contact form\">\n\t\t\t<input type=\"hidden\" name=\"post_id\" value=\"2639\"\/>\n\t\t\t<input type=\"hidden\" name=\"form_id\" value=\"508a64d\"\/>\n\t\t\t<input type=\"hidden\" name=\"referer_title\" value=\"Contact 160 Foals | Get in Touch With Our Team % %\" \/>\n\n\t\t\t\t\t\t\t<input type=\"hidden\" name=\"queried_id\" value=\"2639\"\/>\n\t\t\t\n\t\t\t<div class=\"elementor-form-fields-wrapper elementor-labels-\">\n\t\t\t\t\t\t\t\t<div class=\"elementor-field-type-text elementor-field-group elementor-column elementor-field-group-name elementor-col-100 elementor-field-required\">\n\t\t\t\t\t\t\t\t\t\t\t\t<label for=\"form-field-name\" class=\"elementor-field-label elementor-screen-only\">\n\t\t\t\t\t\t\t\tName\t\t\t\t\t\t\t<\/label>\n\t\t\t\t\t\t\t\t\t\t\t\t\t\t<input size=\"1\" type=\"text\" name=\"form_fields[name]\" id=\"form-field-name\" class=\"elementor-field elementor-size-md  elementor-field-textual\" placeholder=\"Name\" required=\"required\">\n\t\t\t\t\t\t\t\t\t\t\t<\/div>\n\t\t\t\t\t\t\t\t<div class=\"elementor-field-type-email elementor-field-group elementor-column elementor-field-group-email elementor-col-100 elementor-field-required\">\n\t\t\t\t\t\t\t\t\t\t\t\t<label for=\"form-field-email\" class=\"elementor-field-label elementor-screen-only\">\n\t\t\t\t\t\t\t\tEmail\t\t\t\t\t\t\t<\/label>\n\t\t\t\t\t\t\t\t\t\t\t\t\t\t<input size=\"1\" type=\"email\" name=\"form_fields[email]\" id=\"form-field-email\" class=\"elementor-field elementor-size-md  elementor-field-textual\" placeholder=\"Email\" required=\"required\">\n\t\t\t\t\t\t\t\t\t\t\t<\/div>\n\t\t\t\t\t\t\t\t<div class=\"elementor-field-type-textarea elementor-field-group elementor-column elementor-field-group-message elementor-col-100 elementor-field-required\">\n\t\t\t\t\t\t\t\t\t\t\t\t<label for=\"form-field-message\" class=\"elementor-field-label elementor-screen-only\">\n\t\t\t\t\t\t\t\tMessage\t\t\t\t\t\t\t<\/label>\n\t\t\t\t\t\t<textarea class=\"elementor-field-textual elementor-field  elementor-size-md\" name=\"form_fields[message]\" id=\"form-field-message\" rows=\"4\" placeholder=\"Message\" required=\"required\"><\/textarea>\t\t\t\t<\/div>\n\t\t\t\t\t\t\t\t<div class=\"elementor-field-type-recaptcha_v3 elementor-field-group elementor-column elementor-field-group-field_2518ace elementor-col-100 recaptcha_v3-bottomright\">\n\t\t\t\t\t<div class=\"elementor-field\" id=\"form-field-field_2518ace\"><div class=\"elementor-g-recaptcha\" data-sitekey=\"6Lf87VEsAAAAAPSc-_n9SWhn_Ak6qpLTxZGgVqMB\" data-type=\"v3\" data-action=\"Form\" data-badge=\"bottomright\" data-size=\"invisible\"><\/div><\/div>\t\t\t\t<\/div>\n\t\t\t\t\t\t\t\t<div class=\"elementor-field-group elementor-column elementor-field-type-submit elementor-col-100 e-form__buttons\">\n\t\t\t\t\t<button class=\"elementor-button elementor-size-sm\" type=\"submit\">\n\t\t\t\t\t\t<span class=\"elementor-button-content-wrapper\">\n\t\t\t\t\t\t\t\t\t\t\t\t\t\t\t\t\t\t\t\t\t\t<span class=\"elementor-button-text\">Send<\/span>\n\t\t\t\t\t\t\t\t\t\t\t\t\t<\/span>\n\t\t\t\t\t<\/button>\n\t\t\t\t<\/div>\n\t\t\t<\/div>\n\t\t<\/form>\n\t\t\t\t\t\t<\/div>\n\t\t\t\t<\/div>\n\t\t\t\t<\/div>\n\t\t\t\t<\/div>\n\t\t\t\t<\/div>\n\t\t\t\t\t<\/div>\n\t\t\t\t<\/div>\n\t\t\t\t<\/div>\n\t\t","protected":false},"excerpt":{"rendered":"<p>Contact us Scroll Do you have any question or want information? Feel free to contact us!<\/p>","protected":false},"author":1,"featured_media":3172,"parent":0,"menu_order":0,"comment_status":"closed","ping_status":"closed","template":"","meta":{"footnotes":""},"class_list":["post-2639","page","type-page","status-publish","has-post-thumbnail","hentry"],"yoast_head":"<!-- This site is optimized with the Yoast SEO plugin v27.4 - https:\/\/yoast.com\/product\/yoast-seo-wordpress\/ -->\n<title>Contact 160 Foals | Get in Touch With Our Team % %<\/title>\n<meta name=\"description\" content=\"Have a question about our foal auction or concierge services? Contact the 160 Foals team today. We&#039;re here to help you find your next Grand Prix champion.\" \/>\n<meta name=\"robots\" content=\"index, follow, max-snippet:-1, max-image-preview:large, max-video-preview:-1\" \/>\n<link rel=\"canonical\" href=\"https:\/\/160foals.com\/fr\/contact\/\" \/>\n<meta property=\"og:locale\" content=\"fr_FR\" \/>\n<meta property=\"og:type\" content=\"article\" \/>\n<meta property=\"og:title\" content=\"Contact 160 Foals | Get in Touch With Our Team\" \/>\n<meta property=\"og:description\" content=\"Have a question about our foal auction or concierge services? Contact the 160 Foals team today. We&#039;re here to help you find your next Grand Prix champion.\" \/>\n<meta property=\"og:url\" content=\"https:\/\/160foals.com\/fr\/contact\/\" \/>\n<meta property=\"og:site_name\" content=\"160foals\" \/>\n<meta property=\"article:modified_time\" content=\"2026-04-16T20:41:25+00:00\" \/>\n<meta property=\"og:image\" content=\"https:\/\/160foals.com\/wp-content\/uploads\/2026\/01\/cropped-160-Foals-Logo-noir-carre-ss-baseline.webp\" \/>\n\t<meta property=\"og:image:width\" content=\"512\" \/>\n\t<meta property=\"og:image:height\" content=\"512\" \/>\n\t<meta property=\"og:image:type\" content=\"image\/webp\" \/>\n<meta name=\"twitter:card\" content=\"summary_large_image\" \/>\n<meta name=\"twitter:label1\" content=\"Dur\u00e9e de lecture estim\u00e9e\" \/>\n\t<meta name=\"twitter:data1\" content=\"1 minute\" \/>\n<script type=\"application\/ld+json\" class=\"yoast-schema-graph\">{\"@context\":\"https:\\\/\\\/schema.org\",\"@graph\":[{\"@type\":\"WebPage\",\"@id\":\"https:\\\/\\\/160foals.com\\\/contact\\\/\",\"url\":\"https:\\\/\\\/160foals.com\\\/contact\\\/\",\"name\":\"Contact 160 Foals | Get in Touch With Our Team % %\",\"isPartOf\":{\"@id\":\"https:\\\/\\\/160foals.com\\\/#website\"},\"primaryImageOfPage\":{\"@id\":\"https:\\\/\\\/160foals.com\\\/contact\\\/#primaryimage\"},\"image\":{\"@id\":\"https:\\\/\\\/160foals.com\\\/contact\\\/#primaryimage\"},\"thumbnailUrl\":\"https:\\\/\\\/160foals.com\\\/wp-content\\\/uploads\\\/2026\\\/01\\\/cropped-160-Foals-Logo-noir-carre-ss-baseline.webp\",\"datePublished\":\"2026-01-21T16:40:07+00:00\",\"dateModified\":\"2026-04-16T20:41:25+00:00\",\"description\":\"Have a question about our foal auction or concierge services? Contact the 160 Foals team today. We're here to help you find your next Grand Prix champion.\",\"breadcrumb\":{\"@id\":\"https:\\\/\\\/160foals.com\\\/contact\\\/#breadcrumb\"},\"inLanguage\":\"fr-FR\",\"potentialAction\":[{\"@type\":\"ReadAction\",\"target\":[\"https:\\\/\\\/160foals.com\\\/contact\\\/\"]}]},{\"@type\":\"ImageObject\",\"inLanguage\":\"fr-FR\",\"@id\":\"https:\\\/\\\/160foals.com\\\/contact\\\/#primaryimage\",\"url\":\"https:\\\/\\\/160foals.com\\\/wp-content\\\/uploads\\\/2026\\\/01\\\/cropped-160-Foals-Logo-noir-carre-ss-baseline.webp\",\"contentUrl\":\"https:\\\/\\\/160foals.com\\\/wp-content\\\/uploads\\\/2026\\\/01\\\/cropped-160-Foals-Logo-noir-carre-ss-baseline.webp\",\"width\":512,\"height\":512,\"caption\":\"160 Foals - Logo noir carr\u00e9 ss baseline\"},{\"@type\":\"BreadcrumbList\",\"@id\":\"https:\\\/\\\/160foals.com\\\/contact\\\/#breadcrumb\",\"itemListElement\":[{\"@type\":\"ListItem\",\"position\":1,\"name\":\"Home\",\"item\":\"https:\\\/\\\/160foals.com\\\/\"},{\"@type\":\"ListItem\",\"position\":2,\"name\":\"Contact\"}]},{\"@type\":\"WebSite\",\"@id\":\"https:\\\/\\\/160foals.com\\\/#website\",\"url\":\"https:\\\/\\\/160foals.com\\\/\",\"name\":\"160 Foals\",\"description\":\"From proven 1.60m mares to future legends\",\"publisher\":{\"@id\":\"https:\\\/\\\/160foals.com\\\/#organization\"},\"alternateName\":\"160 Foals\",\"potentialAction\":[{\"@type\":\"SearchAction\",\"target\":{\"@type\":\"EntryPoint\",\"urlTemplate\":\"https:\\\/\\\/160foals.com\\\/?s={search_term_string}\"},\"query-input\":{\"@type\":\"PropertyValueSpecification\",\"valueRequired\":true,\"valueName\":\"search_term_string\"}}],\"inLanguage\":\"fr-FR\"},{\"@type\":\"Organization\",\"@id\":\"https:\\\/\\\/160foals.com\\\/#organization\",\"name\":\"160 Foals\",\"alternateName\":\"160 Foals\",\"url\":\"https:\\\/\\\/160foals.com\\\/\",\"logo\":{\"@type\":\"ImageObject\",\"inLanguage\":\"fr-FR\",\"@id\":\"https:\\\/\\\/160foals.com\\\/#\\\/schema\\\/logo\\\/image\\\/\",\"url\":\"https:\\\/\\\/160foals.com\\\/wp-content\\\/uploads\\\/2026\\\/01\\\/cropped-160-Foals-Logo-noir-carre-ss-baseline.webp\",\"contentUrl\":\"https:\\\/\\\/160foals.com\\\/wp-content\\\/uploads\\\/2026\\\/01\\\/cropped-160-Foals-Logo-noir-carre-ss-baseline.webp\",\"width\":512,\"height\":512,\"caption\":\"160 Foals\"},\"image\":{\"@id\":\"https:\\\/\\\/160foals.com\\\/#\\\/schema\\\/logo\\\/image\\\/\"},\"sameAs\":[\"https:\\\/\\\/www.instagram.com\\\/160foals\\\/?__d=12F\"]}]}<\/script>\n<!-- \/ Yoast SEO plugin. -->","yoast_head_json":{"title":"Contactez 160 Foals | Entrez en contact avec notre \u00e9quipe","description":"Vous avez une question concernant notre vente aux ench\u00e8res de poulains ou nos services de conciergerie ? Contactez d\u00e8s aujourd'hui l'\u00e9quipe de 160 Foals. Nous sommes l\u00e0 pour vous aider \u00e0 trouver votre prochain champion de Grand Prix.","robots":{"index":"index","follow":"follow","max-snippet":"max-snippet:-1","max-image-preview":"max-image-preview:large","max-video-preview":"max-video-preview:-1"},"canonical":"https:\/\/160foals.com\/fr\/contact\/","og_locale":"fr_FR","og_type":"article","og_title":"Contact 160 Foals | Get in Touch With Our Team","og_description":"Have a question about our foal auction or concierge services? Contact the 160 Foals team today. We're here to help you find your next Grand Prix champion.","og_url":"https:\/\/160foals.com\/fr\/contact\/","og_site_name":"160foals","article_modified_time":"2026-04-16T20:41:25+00:00","og_image":[{"width":512,"height":512,"url":"https:\/\/160foals.com\/wp-content\/uploads\/2026\/01\/cropped-160-Foals-Logo-noir-carre-ss-baseline.webp","type":"image\/webp"}],"twitter_card":"summary_large_image","twitter_misc":{"Dur\u00e9e de lecture estim\u00e9e":"1 minute"},"schema":{"@context":"https:\/\/schema.org","@graph":[{"@type":"WebPage","@id":"https:\/\/160foals.com\/contact\/","url":"https:\/\/160foals.com\/contact\/","name":"Contactez 160 Foals | Entrez en contact avec notre \u00e9quipe","isPartOf":{"@id":"https:\/\/160foals.com\/#website"},"primaryImageOfPage":{"@id":"https:\/\/160foals.com\/contact\/#primaryimage"},"image":{"@id":"https:\/\/160foals.com\/contact\/#primaryimage"},"thumbnailUrl":"https:\/\/160foals.com\/wp-content\/uploads\/2026\/01\/cropped-160-Foals-Logo-noir-carre-ss-baseline.webp","datePublished":"2026-01-21T16:40:07+00:00","dateModified":"2026-04-16T20:41:25+00:00","description":"Vous avez une question concernant notre vente aux ench\u00e8res de poulains ou nos services de conciergerie ? Contactez d\u00e8s aujourd'hui l'\u00e9quipe de 160 Foals. Nous sommes l\u00e0 pour vous aider \u00e0 trouver votre prochain champion de Grand Prix.","breadcrumb":{"@id":"https:\/\/160foals.com\/contact\/#breadcrumb"},"inLanguage":"fr-FR","potentialAction":[{"@type":"ReadAction","target":["https:\/\/160foals.com\/contact\/"]}]},{"@type":"ImageObject","inLanguage":"fr-FR","@id":"https:\/\/160foals.com\/contact\/#primaryimage","url":"https:\/\/160foals.com\/wp-content\/uploads\/2026\/01\/cropped-160-Foals-Logo-noir-carre-ss-baseline.webp","contentUrl":"https:\/\/160foals.com\/wp-content\/uploads\/2026\/01\/cropped-160-Foals-Logo-noir-carre-ss-baseline.webp","width":512,"height":512,"caption":"160 Foals - Logo noir carr\u00e9 ss baseline"},{"@type":"BreadcrumbList","@id":"https:\/\/160foals.com\/contact\/#breadcrumb","itemListElement":[{"@type":"ListItem","position":1,"name":"Home","item":"https:\/\/160foals.com\/"},{"@type":"ListItem","position":2,"name":"Contact"}]},{"@type":"WebSite","@id":"https:\/\/160foals.com\/#website","url":"https:\/\/160foals.com\/","name":"160 Foals","description":"From proven 1.60m mares to future legends","publisher":{"@id":"https:\/\/160foals.com\/#organization"},"alternateName":"160 Foals","potentialAction":[{"@type":"SearchAction","target":{"@type":"EntryPoint","urlTemplate":"https:\/\/160foals.com\/?s={search_term_string}"},"query-input":{"@type":"PropertyValueSpecification","valueRequired":true,"valueName":"search_term_string"}}],"inLanguage":"fr-FR"},{"@type":"Organization","@id":"https:\/\/160foals.com\/#organization","name":"160 Foals","alternateName":"160 Foals","url":"https:\/\/160foals.com\/","logo":{"@type":"ImageObject","inLanguage":"fr-FR","@id":"https:\/\/160foals.com\/#\/schema\/logo\/image\/","url":"https:\/\/160foals.com\/wp-content\/uploads\/2026\/01\/cropped-160-Foals-Logo-noir-carre-ss-baseline.webp","contentUrl":"https:\/\/160foals.com\/wp-content\/uploads\/2026\/01\/cropped-160-Foals-Logo-noir-carre-ss-baseline.webp","width":512,"height":512,"caption":"160 Foals"},"image":{"@id":"https:\/\/160foals.com\/#\/schema\/logo\/image\/"},"sameAs":["https:\/\/www.instagram.com\/160foals\/?__d=12F"]}]}},"_links":{"self":[{"href":"https:\/\/160foals.com\/fr\/wp-json\/wp\/v2\/pages\/2639","targetHints":{"allow":["GET"]}}],"collection":[{"href":"https:\/\/160foals.com\/fr\/wp-json\/wp\/v2\/pages"}],"about":[{"href":"https:\/\/160foals.com\/fr\/wp-json\/wp\/v2\/types\/page"}],"author":[{"embeddable":true,"href":"https:\/\/160foals.com\/fr\/wp-json\/wp\/v2\/users\/1"}],"replies":[{"embeddable":true,"href":"https:\/\/160foals.com\/fr\/wp-json\/wp\/v2\/comments?post=2639"}],"version-history":[{"count":20,"href":"https:\/\/160foals.com\/fr\/wp-json\/wp\/v2\/pages\/2639\/revisions"}],"predecessor-version":[{"id":5542,"href":"https:\/\/160foals.com\/fr\/wp-json\/wp\/v2\/pages\/2639\/revisions\/5542"}],"wp:featuredmedia":[{"embeddable":true,"href":"https:\/\/160foals.com\/fr\/wp-json\/wp\/v2\/media\/3172"}],"wp:attachment":[{"href":"https:\/\/160foals.com\/fr\/wp-json\/wp\/v2\/media?parent=2639"}],"curies":[{"name":"wp","href":"https:\/\/api.w.org\/{rel}","templated":true}]}}